{"id":19473,"date":"2020-11-16T17:04:46","date_gmt":"2020-11-16T17:04:46","guid":{"rendered":"https:\/\/www.cosmeticadonorte.pt\/plataformadigital\/?page_id=19473"},"modified":"2023-10-19T13:39:25","modified_gmt":"2023-10-19T13:39:25","slug":"a-minha-conta","status":"publish","type":"page","link":"https:\/\/www.cosmeticadonorte.pt\/plataformadigital\/a-minha-conta\/","title":{"rendered":"A Minha Conta"},"content":{"rendered":"<p><strong>Bem vindo \u00e0 Plataforma Comercial B2B da Cosm\u00e9tica do Norte. Para utilizar a Plataforma, tem de ser cliente da CN.<\/strong><br \/>\n<span style=\"color: red; font-weight: bold; \"> REGISTE-SE APENAS SE FOR J\u00c1 UM REVENDEDOR COSM\u00c9TICA DO NORTE. O REGISTO DE CLIENTES PARTICULARES N\u00c3O SER\u00c1 APROVADO.<\/span><br \/> Se for um profissional e ainda n\u00e3o for cliente Cosm\u00e9tica do Norte, contacte-nos atrav\u00e9s do email geral@cosmeticadonorte.pt para criarmos a sua conta.<\/p>\n<ul>\n<li>Para iniciar ter\u00e1 apenas de indicar o seu endere\u00e7o de email e password no formul\u00e1rio de registo. Se for j\u00e1 um cliente Cosm\u00e9tica do Norte apenas precisar\u00e1 de confirmar o seu registo atrav\u00e9s de um email que vai receber na sua conta. Se ainda n\u00e3o \u00e9 nosso cliente por favor entre em contacto atrav\u00e9s do email geral@cosmeticadonorte.pt.<\/li>\n<li>Poder\u00e1 fazer comodamente a sua encomenda, consultar hist\u00f3ricos de encomendas, consultar disponibilidade de stocks, consultar a sua conta corrente, etc.<\/li>\n<li><strong>AO REALIZAR A ENCOMENDA ATRAV\u00c9S DA PLATAFORMA COMERCIAL B2B, TER\u00c1 UM DESCONTO EXTRA DE 1% EM TODOS OS ARTIGOS COMPRADOS.<\/strong><\/li>\n<li>A valoriza\u00e7\u00e3o da encomenda ter\u00e1 como crit\u00e9rio a lista de descontos informada na sua ficha de cliente, podendo o valor n\u00e3o coincidir com a fatura final, por motivos de promo\u00e7\u00f5es mensais, cota\u00e7\u00f5es especiais, etc. Mantem- se as condi\u00e7\u00f5es de compra.<\/li>\n<\/ul>\n<p><strong>Desejamos que possa ter uma boa experi\u00eancia de compra. <\/strong><\/p>\n<p><strong>A Equipa da Cosm\u00e9tica do Norte.<\/strong><\/p>\n","protected":false},"excerpt":{"rendered":"<p>Bem vindo \u00e0 Plataforma Comercial B2B da Cosm\u00e9tica do Norte. Para utilizar a Plataforma, tem de ser cliente da CN. REGISTE-SE APENAS SE FOR J\u00c1 UM REVENDEDOR COSM\u00c9TICA DO NORTE. O REGISTO DE CLIENTES PARTICULARES N\u00c3O SER\u00c1 APROVADO. Se for&hellip;<\/p>\n","protected":false},"author":3,"featured_media":0,"parent":0,"menu_order":9,"comment_status":"closed","ping_status":"closed","template":"template-myaccount.php","meta":{"_acf_changed":false,"footnotes":""},"class_list":["post-19473","page","type-page","status-publish","hentry"],"acf":[],"_links":{"self":[{"href":"https:\/\/www.cosmeticadonorte.pt\/plataformadigital\/wp-json\/wp\/v2\/pages\/19473","targetHints":{"allow":["GET"]}}],"collection":[{"href":"https:\/\/www.cosmeticadonorte.pt\/plataformadigital\/wp-json\/wp\/v2\/pages"}],"about":[{"href":"https:\/\/www.cosmeticadonorte.pt\/plataformadigital\/wp-json\/wp\/v2\/types\/page"}],"author":[{"embeddable":true,"href":"https:\/\/www.cosmeticadonorte.pt\/plataformadigital\/wp-json\/wp\/v2\/users\/3"}],"replies":[{"embeddable":true,"href":"https:\/\/www.cosmeticadonorte.pt\/plataformadigital\/wp-json\/wp\/v2\/comments?post=19473"}],"version-history":[{"count":12,"href":"https:\/\/www.cosmeticadonorte.pt\/plataformadigital\/wp-json\/wp\/v2\/pages\/19473\/revisions"}],"predecessor-version":[{"id":74095,"href":"https:\/\/www.cosmeticadonorte.pt\/plataformadigital\/wp-json\/wp\/v2\/pages\/19473\/revisions\/74095"}],"wp:attachment":[{"href":"https:\/\/www.cosmeticadonorte.pt\/plataformadigital\/wp-json\/wp\/v2\/media?parent=19473"}],"curies":[{"name":"wp","href":"https:\/\/api.w.org\/{rel}","templated":true}]}}