{"id":52112,"date":"2021-09-30T13:41:34","date_gmt":"2021-09-30T13:41:34","guid":{"rendered":"https:\/\/www.cosmeticadonorte.pt\/plataformadigital\/?page_id=52112"},"modified":"2021-12-10T17:55:12","modified_gmt":"2021-12-10T17:55:12","slug":"politica-de-privacidade-e-cookies","status":"publish","type":"page","link":"https:\/\/www.cosmeticadonorte.pt\/plataformadigital\/politica-de-privacidade-e-cookies\/","title":{"rendered":"Pol\u00edtica de privacidade e cookies"},"content":{"rendered":"<p>Cosm\u00e9tica do Norte \u2013 Sociedade de Representa\u00e7\u00f5es Lda., considera sua privacidade um assunto s\u00e9rio. Estamos empenhados em maximizar a sua experi\u00eancia com o nosso website e plataformas social media, num ambiente seguro. \u00c9 nossa pol\u00edtica tratar os seus dados pessoais com discri\u00e7\u00e3o e proteg\u00ea-los. A presente Pol\u00edtica de Privacidade explica como recolhemos, protegemos, usamos e partilhamos informa\u00e7\u00e3o sobre si, online e offline, esperando trazer-lhe acrescida confian\u00e7a na Cosm\u00e9tica do Norte e melhorar a sua experi\u00eancia connosco. Por favor note que a presente Pol\u00edtica de Privacidade se aplica a informa\u00e7\u00e3o colhida pela Cosm\u00e9tica do Norte apenas e n\u00e3o se estende a informa\u00e7\u00e3o que possa ter submetido em outros sites ou plataformas sociais geridas por outras entidades ou organiza\u00e7\u00f5es para as quais poderemos remeter, atrav\u00e9s de link\u00b4s em nosso site ou redes sociais. Leia atentamente os seguintes termos.<\/p>\n<h2>1. Os seus dados<\/h2>\n<p>Este site n\u00e3o recolhe informa\u00e7\u00f5es pessoais sobre si, a menos que nos forne\u00e7a voluntariamente. Isso significa que n\u00e3o saberemos o seu nome, o seu endere\u00e7o de e-mail ou qualquer outra informa\u00e7\u00e3o pessoal apenas porque navegou neste site, a menos que tenha criado uma conta e login quando aceder ao site ou tenha acedido ao site a partir de um link mencionado num e-mail enviado por n\u00f3s.<\/p>\n<p>Apenas recolhemos os seus dados quando e se efetuar o registo no nosso site ou preencha um formul\u00e1rio online ou atrav\u00e9s de nossos comerciais, com a assist\u00eancia de nossa equipa. Ao registar-se no nosso site, poder\u00e1 ser solicitado que introduza o seu nome, endere\u00e7o, contacto telef\u00f3nico, data de nascimento, endere\u00e7o de correio eletr\u00f3nico e outras informa\u00e7\u00f5es relevantes. Tamb\u00e9m pode visitar o nosso site anonimamente, embora, ao faz\u00ea-lo, ser\u00e1 limitado nos recursos dispon\u00edveis que oferecemos.<\/p>\n<p>Note que, ao fornecer-nos informa\u00e7\u00f5es pessoais sobre si nos termos descritos nesta pol\u00edtica de privacidade, est\u00e1 a dar-nos o seu consentimento para que utilizemos as mesmas para as finalidades aqui referidas.<\/p>\n<h2>2. Utiliza\u00e7\u00e3o dos seus dados<\/h2>\n<p>Qualquer um dos dados que nos forne\u00e7a, podem ser usados das seguintes formas:<br \/>\n\u2022 melhorar o nosso site nos servi\u00e7os e recursos dispon\u00edveis<br \/>\n\u2022 melhorar o nosso servi\u00e7o ao cliente em geral<br \/>\n\u2022 para processar as transa\u00e7\u00f5es relacionadas consigo<br \/>\n\u2022 convites para eventos, a\u00e7\u00f5es de forma\u00e7\u00e3o, respostas a question\u00e1rios<br \/>\n\u2022 informa\u00e7\u00e3o atualizada sobre os nosso produtos e servi\u00e7os<br \/>\n\u2022 enviar emails e newsletter com promo\u00e7\u00f5es\/campanhas e pre\u00e7os<br \/>\n\u2022 enviar informa\u00e7\u00f5es de altera\u00e7\u00f5es legais e novas funcionalidades das nossas solu\u00e7\u00f5es e servi\u00e7os<\/p>\n<p>Os seus dados, quer sejam p\u00fablicos ou privados, n\u00e3o ser\u00e3o vendidos, trocados, transferidos ou dados a qualquer outra empresa fora Cosm\u00e9tica do Norte, por qualquer motivo, sem o seu consentimento. Tamb\u00e9m podemos usar e fornecer informa\u00e7\u00f5es agregadas e estat\u00edsticas a terceiros para monitorizar o uso do nosso website, com a finalidade de nos ajudar a desenvolv\u00ea-lo e melhorar os nossos servi\u00e7os. Os dados utilizados n\u00e3o devem incluir informa\u00e7\u00f5es que possam ser utilizadas para identificar qualquer indiv\u00edduo. Os dados de contato por si fornecidos podem ser usados para enviar informa\u00e7\u00f5es e atualiza\u00e7\u00f5es relacionadas com os seus pedidos, transa\u00e7\u00f5es, compras al\u00e9m de receber atualiza\u00e7\u00f5es ocasionais da Cosm\u00e9tica do Norte informa\u00e7\u00f5es sobre produtos ou servi\u00e7os relacionados.<\/p>\n<p>N\u00f3s e\/ou os nossos subcontratantes poderemos entrar em contato consigo por correio, e-mail ou telefone para pedir o seu parecer sobre os nossos produtos e servi\u00e7os.<\/p>\n<p>Nota: Se, a qualquer momento, quiser cancelar a subscri\u00e7\u00e3o de futuros e-mails, incluiremos instru\u00e7\u00f5es detalhadas de cancelamento, na parte inferior de cada e-mail.<\/p>\n<h2>3. Prote\u00e7\u00e3o das suas informa\u00e7\u00f5es<\/h2>\n<p>Seguimos padr\u00f5es de elevado rigor tecnol\u00f3gico para proteger os seus detalhes durante a transmiss\u00e3o e, uma vez recebidos, implementamos v\u00e1rias medidas para manter a seguran\u00e7a dos dados pessoais que nos transmitiu.<\/p>\n<p>NO ENTANTO, DEVE ESTAR CIENTE DE QUE NENHUM M\u00c9TODO DE TRANSMISSS\u00c3O OU ARMAZENAMENTO ELECTR\u00d3NICO, \u00c9 100% SEGURO.<\/p>\n<p>POR ISSO, NA M\u00c1XIMA EXTENS\u00c3O PERMITIDA PELA LEI, N\u00c3O PODEMOS SER RESPONS\u00c1VEIS POR QUAISQUER RECLAMA\u00c7\u00d5ES. PERDAS E DANOS, INCLUINDO, SEM LIMITA\u00c7\u00d5ES, PERDAS DIRETAS, INDIRETAS, ESPECIAIS, PUNITIVAS, INCIDENTAIS OU CONSEQ\u00dcENCIAIS OU DANOS INCORRIDOS POR SI OU QUALQUER UTILIZADOR RELACIONADAS COM FRAUDE INFORM\u00c1TICA, RISCOS OU QUALQUER OUTRA INFRA\u00c7\u00c3O OU CIRCUNST\u00c2NCIA EM QUE AS SUAS INFORMA\u00c7\u00d5ES S\u00c3O ACEDIDAS OU DIVULGADAS SEM NOSSA AUTORIZA\u00c7\u00c3O EXPRESSA.<\/p>\n<h2>4. Cookies<\/h2>\n<p>Podemos usar tecnologias como\u201d cookies \u201cpara registar informa\u00e7\u00f5es de sess\u00e3o, recolher visitas e aceder a detalhes das nossas p\u00e1ginas da web que nos permitem continuar a melhorar nossos servi\u00e7os e fornecer melhores e mais \u00fateis recursos aos usu\u00e1rios \/ visitantes do nosso site. Os cookies s\u00e3o pe\u00e7as de informa\u00e7\u00e3o que s\u00e3o normalmente utilizadas por muitos sites para fins de manuten\u00e7\u00e3o de registos que podem ajudar a recordar, por exemplo, as suas prefer\u00eancias. Um cookie, por si s\u00f3, n\u00e3o identifica pessoalmente nenhum usu\u00e1rio \/ visitante.<\/p>\n<h2>5. Como deve garantir a sua seguran\u00e7a<\/h2>\n<p>Para sua privacidade, aconselhamos que n\u00e3o inclua dados pessoais, nomeadamente sens\u00edveis, ou e confidenciais nos e-mails que nos envia. Por favor, n\u00e3o nos envie via e-mail n\u00fameros de cart\u00e3o de cr\u00e9dito ou qualquer informa\u00e7\u00e3o pessoal sens\u00edvel.<\/p>\n<p>N\u00e3o recolhemos conscientemente informa\u00e7\u00f5es pessoais de menores. Como pai\/m\u00e3e ou respons\u00e1vel legal, n\u00e3o permita que os seus filhos enviem informa\u00e7\u00f5es pessoais sem a sua permiss\u00e3o.<\/p>\n<p>N\u00c3O SOMOS RESPONS\u00c1VEIS POR DADOS DE IDENTIFICA\u00c7\u00c3O OU OUTRAS INFORMA\u00c7\u00d5ES QUE ESCOLHA ENVIAR. EM F\u00d3RUNS COMO UMA \u00c1REA DE COMENT\u00c1RIO OU QUALQUER OUTRA \u00c1REA P\u00daBLICA ACESS\u00cdVEL QUE<br \/>\nADMINISTRAMOS OU GERIMOS.<\/p>\n<h2>6. Divulga\u00e7\u00e3o de informa\u00e7\u00f5es a terceiros<\/h2>\n<p>N\u00e3o vendemos, comercializamos ou transferimos para terceiros os seus dados de identifica\u00e7\u00e3o pessoal. Isso n\u00e3o inclui terceiros confi\u00e1veis que nos ajudam a gerir o nosso site, conduzindo os nossos neg\u00f3cios ou prestando servi\u00e7os aos nossos clientes, desde que essas partes concordem atrav\u00e9s de contratos de sigilo e confidencialidade em manter essas informa\u00e7\u00f5es confidenciais. Tamb\u00e9m poderemos divulgar as suas informa\u00e7\u00f5es quando acreditamos que a libera\u00e7\u00e3o \u00e9 apropriada para cumprir com a lei, para impor as nossas pol\u00edticas de site ou para proteger os nossos direitos, propriedade ou seguran\u00e7a.<\/p>\n<h2>7. O Seu Consentimento<\/h2>\n<p>Ao utilizar o nosso website e as nossas plataformas, concorda com nossa Pol\u00edtica de Privacidade.<\/p>\n<h2>8. Prazo de conserva\u00e7\u00e3o dos seus dados<\/h2>\n<p>Cabe-nos referir que os dados pessoais que nos fornece ser\u00e3o conservados at\u00e9 um per\u00edodo m\u00e1ximo de dez anos ap\u00f3s o registo, compra ou solicita\u00e7\u00e3o de informa\u00e7\u00f5es t\u00e9cnicas e comerciais.<\/p>\n<h2>9. Os seus direitos<\/h2>\n<p>Uma vez que queremos garantir que est\u00e1 consciente dos seus direitos e nos termos da legisla\u00e7\u00e3o aplic\u00e1vel, queremos inform\u00e1-lo que:<br \/>\n\u2022 Os seus dados pessoais pertencem-lhe a si. Como tal, tem o direito a aceder, retificar, limitar, apagar e opor-se ao tratamento dos mesmos assim como a obter os mesmos junto da Cosm\u00e9tica do Norte.<br \/>\n\u2022 Faremos todos os esfor\u00e7os para que os seus dados pessoais se mantenham atualizados e protegidos de acordo com os melhores standards praticados pelas empresas de tecnologia.<br \/>\n\u2022 Tem o direito a apresentar uma queixa junto da autoridade de prote\u00e7\u00e3o de dados competente. Em Portugal, esta autoridade \u00e9 a Comiss\u00e3o Nacional de Prote\u00e7\u00e3o de Dados (\u201cCNPD\u201d). Mais informa\u00e7\u00e3o sobre a CNPD poder\u00e1 ser obtida atrav\u00e9s do website www.cnpd.pt<\/p>\n<h2>10. Altera\u00e7\u00f5es \u00e0 nossa Pol\u00edtica de Privacidade<\/h2>\n<p>Reservamo-nos no direito de atualizar esta Pol\u00edtica de Privacidade periodicamente. Daremos nota de quaisquer mudan\u00e7as \u00e0 mesma no nosso website bem como atrav\u00e9s de uma comunica\u00e7\u00e3o para os meios de contacto indicados. O uso continuado do nosso website, aplica\u00e7\u00f5es, servi\u00e7os e recursos oferecidos ap\u00f3s tal comunica\u00e7\u00e3o ser\u00e1 considerado com a sua concord\u00e2ncia com tais altera\u00e7\u00f5es.<\/p>\n<p>Em caso de d\u00favida sobre esta Pol\u00edtica de Privacidade ou caso pretenda exercer qualquer um dos seus direitos referidos supra, por favor queira contactar-nos atrav\u00e9s de:<\/p>\n<p>Telefone: +351 225 106 168\/225 100 280<\/p>\n<p>Email: rgpd@cosmeticadonorte.pt<\/p>\n","protected":false},"excerpt":{"rendered":"<p>Cosm\u00e9tica do Norte \u2013 Sociedade de Representa\u00e7\u00f5es Lda., considera sua privacidade um assunto s\u00e9rio. Estamos empenhados em maximizar a sua experi\u00eancia com o nosso website e plataformas social media, num ambiente seguro. \u00c9 nossa pol\u00edtica tratar os seus dados pessoais&hellip;<\/p>\n","protected":false},"author":1,"featured_media":0,"parent":0,"menu_order":5,"comment_status":"closed","ping_status":"closed","template":"","meta":{"_acf_changed":false,"footnotes":""},"class_list":["post-52112","page","type-page","status-publish","hentry"],"acf":[],"_links":{"self":[{"href":"https:\/\/www.cosmeticadonorte.pt\/plataformadigital\/wp-json\/wp\/v2\/pages\/52112","targetHints":{"allow":["GET"]}}],"collection":[{"href":"https:\/\/www.cosmeticadonorte.pt\/plataformadigital\/wp-json\/wp\/v2\/pages"}],"about":[{"href":"https:\/\/www.cosmeticadonorte.pt\/plataformadigital\/wp-json\/wp\/v2\/types\/page"}],"author":[{"embeddable":true,"href":"https:\/\/www.cosmeticadonorte.pt\/plataformadigital\/wp-json\/wp\/v2\/users\/1"}],"replies":[{"embeddable":true,"href":"https:\/\/www.cosmeticadonorte.pt\/plataformadigital\/wp-json\/wp\/v2\/comments?post=52112"}],"version-history":[{"count":16,"href":"https:\/\/www.cosmeticadonorte.pt\/plataformadigital\/wp-json\/wp\/v2\/pages\/52112\/revisions"}],"predecessor-version":[{"id":54146,"href":"https:\/\/www.cosmeticadonorte.pt\/plataformadigital\/wp-json\/wp\/v2\/pages\/52112\/revisions\/54146"}],"wp:attachment":[{"href":"https:\/\/www.cosmeticadonorte.pt\/plataformadigital\/wp-json\/wp\/v2\/media?parent=52112"}],"curies":[{"name":"wp","href":"https:\/\/api.w.org\/{rel}","templated":true}]}}