{"id":81103,"date":"2024-07-12T15:39:18","date_gmt":"2024-07-12T15:39:18","guid":{"rendered":"https:\/\/www.cosmeticadonorte.pt\/plataformadigital\/?page_id=81103"},"modified":"2024-11-26T16:41:59","modified_gmt":"2024-11-26T16:41:59","slug":"destaques","status":"publish","type":"page","link":"https:\/\/www.cosmeticadonorte.pt\/plataformadigital\/destaques\/","title":{"rendered":"Destaques"},"content":{"rendered":"\t\t<div data-elementor-type=\"wp-page\" data-elementor-id=\"81103\" class=\"elementor elementor-81103\" data-elementor-post-type=\"page\">\n\t\t\t\t<div class=\"elementor-element elementor-element-1f2a699 e-grid e-con-boxed e-con e-parent\" data-id=\"1f2a699\" data-element_type=\"container\" data-e-type=\"container\">\n\t\t\t\t\t<div class=\"e-con-inner\">\n\t\t<div class=\"elementor-element elementor-element-c97e4e0 e-con-full e-flex e-con e-child\" data-id=\"c97e4e0\" data-element_type=\"container\" data-e-type=\"container\">\n\t\t\t\t<div class=\"elementor-element elementor-element-5d5b63f elementor-widget elementor-widget-image\" data-id=\"5d5b63f\" data-element_type=\"widget\" data-e-type=\"widget\" data-widget_type=\"image.default\">\n\t\t\t\t<div class=\"elementor-widget-container\">\n\t\t\t\t\t\t\t\t\t\t\t\t\t\t\t\t<a href=\"https:\/\/www.cosmeticadonorte.pt\/plataformadigital\/produto\/color-cream-hyaluronic-50ml-ls\/\">\n\t\t\t\t\t\t\t<img fetchpriority=\"high\" decoding=\"async\" width=\"1414\" height=\"2000\" src=\"https:\/\/www.cosmeticadonorte.pt\/plataformadigital\/wp-content\/uploads\/2024\/07\/1134761.jpg\" class=\"elementor-animation-grow attachment-full size-full wp-image-80900\" alt=\"\" srcset=\"https:\/\/www.cosmeticadonorte.pt\/plataformadigital\/wp-content\/uploads\/2024\/07\/1134761.jpg 1414w, https:\/\/www.cosmeticadonorte.pt\/plataformadigital\/wp-content\/uploads\/2024\/07\/1134761-354x500.jpg 354w, https:\/\/www.cosmeticadonorte.pt\/plataformadigital\/wp-content\/uploads\/2024\/07\/1134761-1357x1920.jpg 1357w, https:\/\/www.cosmeticadonorte.pt\/plataformadigital\/wp-content\/uploads\/2024\/07\/1134761-768x1086.jpg 768w, https:\/\/www.cosmeticadonorte.pt\/plataformadigital\/wp-content\/uploads\/2024\/07\/1134761-1086x1536.jpg 1086w, https:\/\/www.cosmeticadonorte.pt\/plataformadigital\/wp-content\/uploads\/2024\/07\/1134761-106x150.jpg 106w\" sizes=\"(max-width: 1414px) 100vw, 1414px\" \/>\t\t\t\t\t\t\t\t<\/a>\n\t\t\t\t\t\t\t\t\t\t\t\t\t\t\t<\/div>\n\t\t\t\t<\/div>\n\t\t\t\t<div class=\"elementor-element elementor-element-b9bc508 elementor-widget elementor-widget-heading\" data-id=\"b9bc508\" data-element_type=\"widget\" data-e-type=\"widget\" data-widget_type=\"heading.default\">\n\t\t\t\t<div class=\"elementor-widget-container\">\n\t\t\t\t\t<h2 class=\"elementor-heading-title elementor-size-default\"><a href=\"https:\/\/www.cosmeticadonorte.pt\/plataformadigital\/produto\/wp-invigo-3-brill-color-condicionador-finos-1000ml\/\">COLOR CREAM HYALURONIC 50ML LS<\/a><\/h2>\t\t\t\t<\/div>\n\t\t\t\t<\/div>\n\t\t\t\t<div class=\"elementor-element elementor-element-760d1ee elementor-widget elementor-widget-text-editor\" data-id=\"760d1ee\" data-element_type=\"widget\" data-e-type=\"widget\" data-widget_type=\"text-editor.default\">\n\t\t\t\t<div class=\"elementor-widget-container\">\n\t\t\t\t\t\t\t\t\t<p>Creme facial <strong>com cor<\/strong> que hidrata a pele gra\u00e7as \u00e0 sua formula\u00e7\u00e3o com \u00c1cido Hialur\u00f3nico de baixo peso molecular e Niacinamida.<\/p><p>Protege contra a desidrata\u00e7\u00e3o e proporciona uma pele suave e flex\u00edvel.<\/p><p>Unifica o tom da pele.<\/p>\t\t\t\t\t\t\t\t<\/div>\n\t\t\t\t<\/div>\n\t\t\t\t<\/div>\n\t\t<div class=\"elementor-element elementor-element-4fe8546 e-con-full e-flex e-con e-child\" data-id=\"4fe8546\" data-element_type=\"container\" data-e-type=\"container\">\n\t\t\t\t<div class=\"elementor-element elementor-element-1f18521 elementor-widget elementor-widget-image\" data-id=\"1f18521\" data-element_type=\"widget\" data-e-type=\"widget\" data-widget_type=\"image.default\">\n\t\t\t\t<div class=\"elementor-widget-container\">\n\t\t\t\t\t\t\t\t\t\t\t\t\t\t\t\t<a href=\"https:\/\/www.cosmeticadonorte.pt\/plataformadigital\/produto\/be-armony-kit-beauty-bag-lvs\/\">\n\t\t\t\t\t\t\t<img decoding=\"async\" width=\"429\" height=\"559\" src=\"https:\/\/www.cosmeticadonorte.pt\/plataformadigital\/wp-content\/uploads\/2024\/11\/kits.jpg\" class=\"elementor-animation-grow attachment-full size-full wp-image-87452\" alt=\"\" srcset=\"https:\/\/www.cosmeticadonorte.pt\/plataformadigital\/wp-content\/uploads\/2024\/11\/kits.jpg 429w, https:\/\/www.cosmeticadonorte.pt\/plataformadigital\/wp-content\/uploads\/2024\/11\/kits-384x500.jpg 384w, https:\/\/www.cosmeticadonorte.pt\/plataformadigital\/wp-content\/uploads\/2024\/11\/kits-115x150.jpg 115w\" sizes=\"(max-width: 429px) 100vw, 429px\" \/>\t\t\t\t\t\t\t\t<\/a>\n\t\t\t\t\t\t\t\t\t\t\t\t\t\t\t<\/div>\n\t\t\t\t<\/div>\n\t\t\t\t<div class=\"elementor-element elementor-element-f7fe9b4 elementor-widget elementor-widget-heading\" data-id=\"f7fe9b4\" data-element_type=\"widget\" data-e-type=\"widget\" data-widget_type=\"heading.default\">\n\t\t\t\t<div class=\"elementor-widget-container\">\n\t\t\t\t\t<h2 class=\"elementor-heading-title elementor-size-default\"><a href=\"https:\/\/www.cosmeticadonorte.pt\/plataformadigital\/produto\/wp-invigo-3-brill-color-condicionador-finos-1000ml\/\">LEVISSIME CUIDADO ROSTO kits\n<\/a><\/h2>\t\t\t\t<\/div>\n\t\t\t\t<\/div>\n\t\t\t\t<div class=\"elementor-element elementor-element-c3398a5 elementor-widget elementor-widget-text-editor\" data-id=\"c3398a5\" data-element_type=\"widget\" data-e-type=\"widget\" data-widget_type=\"text-editor.default\">\n\t\t\t\t<div class=\"elementor-widget-container\">\n\t\t\t\t\t\t\t\t\t<p>BE.HYBRAGE KIT BEAUTY BAG<\/p><p>BE.CLEAN MILK. Leite de limpeza que remove as impurezas e a maquilhagem<\/p><p>BE.HYDRAGE CREME DIA 50ML. Creme de dia com poderosa a\u00e7\u00e3o hidratante e antienvelhecimento<\/p><p>BE.HYDRAGE CREME NOITE 50ML. Creme de noite com uma poderosa a\u00e7\u00e3o hidratante e antienvelhecimento<\/p><p>\u00a0<\/p><p>BE.ARMONY+ KIT BEAUTY BAG<\/p><p>BE.CLEAN ARMONY GEL. Gel purificante que elimina as impurezas do rosto<\/p><p>BE.ARMONY CREME SERUM DIA. S\u00e9rum de dia purificante<\/p><p>BE.ARMONY CREME NOITE. Creme de noite de textura leve com princ\u00edpios ativos calmantes e regeneradores<\/p>\t\t\t\t\t\t\t\t<\/div>\n\t\t\t\t<\/div>\n\t\t\t\t<\/div>\n\t\t<div class=\"elementor-element elementor-element-1806976 e-con-full e-flex e-con e-child\" data-id=\"1806976\" data-element_type=\"container\" data-e-type=\"container\">\n\t\t\t\t<div class=\"elementor-element elementor-element-a7a0c1a animated-slow elementor-invisible elementor-widget elementor-widget-image\" data-id=\"a7a0c1a\" data-element_type=\"widget\" data-e-type=\"widget\" data-settings=\"{&quot;_animation&quot;:&quot;zoomIn&quot;}\" data-widget_type=\"image.default\">\n\t\t\t\t<div class=\"elementor-widget-container\">\n\t\t\t\t\t\t\t\t\t\t\t\t\t\t\t\t<a href=\"https:\/\/www.cosmeticadonorte.pt\/plataformadigital\/produto\/mya-mala-make-up-110-cores\/\">\n\t\t\t\t\t\t\t<img decoding=\"async\" width=\"482\" height=\"484\" src=\"https:\/\/www.cosmeticadonorte.pt\/plataformadigital\/wp-content\/uploads\/2024\/11\/127400110.jpg\" class=\"elementor-animation-grow attachment-large size-large wp-image-87185\" alt=\"\" srcset=\"https:\/\/www.cosmeticadonorte.pt\/plataformadigital\/wp-content\/uploads\/2024\/11\/127400110.jpg 482w, https:\/\/www.cosmeticadonorte.pt\/plataformadigital\/wp-content\/uploads\/2024\/11\/127400110-150x150.jpg 150w\" sizes=\"(max-width: 482px) 100vw, 482px\" \/>\t\t\t\t\t\t\t\t<\/a>\n\t\t\t\t\t\t\t\t\t\t\t\t\t\t\t<\/div>\n\t\t\t\t<\/div>\n\t\t\t\t<div class=\"elementor-element elementor-element-7bdafb8 elementor-widget elementor-widget-heading\" data-id=\"7bdafb8\" data-element_type=\"widget\" data-e-type=\"widget\" data-widget_type=\"heading.default\">\n\t\t\t\t<div class=\"elementor-widget-container\">\n\t\t\t\t\t<h2 class=\"elementor-heading-title elementor-size-default\"><a href=\"https:\/\/www.cosmeticadonorte.pt\/plataformadigital\/produto\/color-sublime-oxidante-25vol-75ml\/\">mya paleta 110 sombras<\/a><\/h2>\t\t\t\t<\/div>\n\t\t\t\t<\/div>\n\t\t\t\t<div class=\"elementor-element elementor-element-8c973ca elementor-widget elementor-widget-text-editor\" data-id=\"8c973ca\" data-element_type=\"widget\" data-e-type=\"widget\" data-widget_type=\"text-editor.default\">\n\t\t\t\t<div class=\"elementor-widget-container\">\n\t\t\t\t\t\t\t\t\t<p>110 sombras de olhos<\/p><p>4 aplicadores duplos\u00a0<\/p><p>1 espelho<\/p>\t\t\t\t\t\t\t\t<\/div>\n\t\t\t\t<\/div>\n\t\t\t\t<\/div>\n\t\t\t\t\t<\/div>\n\t\t\t\t<\/div>\n\t\t<div class=\"elementor-element elementor-element-86d92e5 e-flex e-con-boxed e-con e-parent\" data-id=\"86d92e5\" data-element_type=\"container\" data-e-type=\"container\">\n\t\t\t\t\t<div class=\"e-con-inner\">\n\t\t\t\t<div class=\"elementor-element elementor-element-e344d59 elementor-widget elementor-widget-off-canvas\" data-id=\"e344d59\" data-element_type=\"widget\" data-e-type=\"widget\" data-widget_type=\"off-canvas.default\">\n\t\t\t\t<div class=\"elementor-widget-container\">\n\t\t\t\t\t\t\t<div id=\"off-canvas-e344d59\" class=\"e-off-canvas\" role=\"dialog\" aria-hidden=\"true\" aria-label=\"Off-Canvas\" aria-modal=\"true\" inert=\"\" data-delay-child-handlers=\"true\">\n\t\t\t<div class=\"e-off-canvas__overlay\"><\/div>\n\t\t\t<div class=\"e-off-canvas__main\">\n\t\t\t\t<div class=\"e-off-canvas__content\">\n\t\t\t\t\t<div class=\"elementor-element elementor-element-ce4de75 e-con-full e-flex e-con e-child\" data-id=\"ce4de75\" data-element_type=\"container\" data-e-type=\"container\">\n\t\t\t\t<\/div>\n\t\t\t\t\t\t<\/div>\n\t\t\t<\/div>\n\t\t<\/div>\n\t\t\t\t\t\t<\/div>\n\t\t\t\t<\/div>\n\t\t\t\t\t<\/div>\n\t\t\t\t<\/div>\n\t\t\t\t<\/div>\n\t\t","protected":false},"excerpt":{"rendered":"<p>COLOR CREAM HYALURONIC 50ML LS Creme facial com cor que hidrata a pele gra\u00e7as \u00e0 sua formula\u00e7\u00e3o com \u00c1cido Hialur\u00f3nico de baixo peso molecular e Niacinamida. Protege contra a desidrata\u00e7\u00e3o e proporciona uma pele suave e flex\u00edvel. Unifica o tom&hellip;<\/p>\n","protected":false},"author":1,"featured_media":0,"parent":0,"menu_order":6,"comment_status":"closed","ping_status":"closed","template":"","meta":{"_acf_changed":false,"footnotes":""},"class_list":["post-81103","page","type-page","status-publish","hentry"],"acf":[],"_links":{"self":[{"href":"https:\/\/www.cosmeticadonorte.pt\/plataformadigital\/wp-json\/wp\/v2\/pages\/81103","targetHints":{"allow":["GET"]}}],"collection":[{"href":"https:\/\/www.cosmeticadonorte.pt\/plataformadigital\/wp-json\/wp\/v2\/pages"}],"about":[{"href":"https:\/\/www.cosmeticadonorte.pt\/plataformadigital\/wp-json\/wp\/v2\/types\/page"}],"author":[{"embeddable":true,"href":"https:\/\/www.cosmeticadonorte.pt\/plataformadigital\/wp-json\/wp\/v2\/users\/1"}],"replies":[{"embeddable":true,"href":"https:\/\/www.cosmeticadonorte.pt\/plataformadigital\/wp-json\/wp\/v2\/comments?post=81103"}],"version-history":[{"count":89,"href":"https:\/\/www.cosmeticadonorte.pt\/plataformadigital\/wp-json\/wp\/v2\/pages\/81103\/revisions"}],"predecessor-version":[{"id":87458,"href":"https:\/\/www.cosmeticadonorte.pt\/plataformadigital\/wp-json\/wp\/v2\/pages\/81103\/revisions\/87458"}],"wp:attachment":[{"href":"https:\/\/www.cosmeticadonorte.pt\/plataformadigital\/wp-json\/wp\/v2\/media?parent=81103"}],"curies":[{"name":"wp","href":"https:\/\/api.w.org\/{rel}","templated":true}]}}